{"id":24,"date":"2020-05-26T13:20:49","date_gmt":"2020-05-26T17:20:49","guid":{"rendered":"https:\/\/dostoevskydev.wpengine.com\/?page_id=24"},"modified":"2025-06-03T15:57:13","modified_gmt":"2025-06-03T19:57:13","slug":"ids-board-of-directors","status":"publish","type":"page","link":"https:\/\/dostoevsky.org\/society\/about\/ids-board-of-directors\/","title":{"rendered":"IDS Board of Directors"},"content":{"rendered":"[et_pb_section fb_built=&#8221;1&#8243; admin_label=&#8221;section&#8221; _builder_version=&#8221;4.16&#8243; global_colors_info=&#8221;{}&#8221; theme_builder_area=&#8221;post_content&#8221;][et_pb_row admin_label=&#8221;row&#8221; _builder_version=&#8221;4.27.4&#8243; background_size=&#8221;initial&#8221; background_position=&#8221;top_left&#8221; background_repeat=&#8221;repeat&#8221; hover_enabled=&#8221;0&#8243; global_colors_info=&#8221;{}&#8221; column_structure=&#8221;1_3,1_3,1_3&#8243; theme_builder_area=&#8221;post_content&#8221; sticky_enabled=&#8221;0&#8243;][et_pb_column type=&#8221;1_3&#8243; _builder_version=&#8221;4.16&#8243; custom_padding=&#8221;|||&#8221; global_colors_info=&#8221;{}&#8221; custom_padding__hover=&#8221;|||&#8221; theme_builder_area=&#8221;post_content&#8221;][et_pb_team_member name=&#8221;Stefano Aloe&#8221; image_url=&#8221;https:\/\/dostoevsky.org\/society\/wp-content\/uploads\/sites\/2\/2020\/06\/Aloe.jpg&#8221; position=&#8221;President&#8221; _builder_version=&#8221;4.27.4&#8243; _module_preset=&#8221;default&#8221; theme_builder_area=&#8221;post_content&#8221; title_text=&#8221;Aloe&#8221; hover_enabled=&#8221;0&#8243; sticky_enabled=&#8221;0&#8243;]<p>Italy<\/p>[\/et_pb_team_member][et_pb_team_member name=&#8221;Carol Apollonio,&#8221; image_url=&#8221;https:\/\/dostoevsky.org\/society\/wp-content\/uploads\/sites\/2\/2020\/06\/Apollonio.jpg&#8221; _builder_version=&#8221;4.27.4&#8243; _module_preset=&#8221;default&#8221; theme_builder_area=&#8221;post_content&#8221; title_text=&#8221;Apollonio&#8221; hover_enabled=&#8221;0&#8243; sticky_enabled=&#8221;0&#8243;]<p>USA<\/p>[\/et_pb_team_member][et_pb_team_member name=&#8221;Katalin Kro\u00f3&#8221; image_url=&#8221;https:\/\/dostoevsky.org\/society\/wp-content\/uploads\/sites\/2\/2020\/06\/Kroo.jpg&#8221; _builder_version=&#8221;4.27.4&#8243; _module_preset=&#8221;default&#8221; theme_builder_area=&#8221;post_content&#8221; title_text=&#8221;Kroo&#8221; hover_enabled=&#8221;0&#8243; sticky_enabled=&#8221;0&#8243;]<p>Hungary<\/p>[\/et_pb_team_member][et_pb_team_member name=&#8221;Igor Volgin&#8221; image_url=&#8221;https:\/\/dostoevsky.org\/society\/wp-content\/uploads\/sites\/2\/2020\/06\/Volgin.jpg&#8221; _builder_version=&#8221;4.27.4&#8243; _module_preset=&#8221;default&#8221; theme_builder_area=&#8221;post_content&#8221; title_text=&#8221;Volgin&#8221; hover_enabled=&#8221;0&#8243; sticky_enabled=&#8221;0&#8243;]<p>Russia<\/p>[\/et_pb_team_member][\/et_pb_column][et_pb_column type=&#8221;1_3&#8243; _builder_version=&#8221;4.16&#8243; custom_padding=&#8221;|||&#8221; global_colors_info=&#8221;{}&#8221; custom_padding__hover=&#8221;|||&#8221; theme_builder_area=&#8221;post_content&#8221;][et_pb_team_member name=&#8221;Jonathan Paine&#8221; image_url=&#8221;https:\/\/dostoevsky.org\/society\/wp-content\/uploads\/sites\/2\/2020\/06\/Paine.jpg&#8221; position=&#8221;Treasurer&#8221; _builder_version=&#8221;4.27.4&#8243; _module_preset=&#8221;default&#8221; theme_builder_area=&#8221;post_content&#8221; title_text=&#8221;Paine&#8221; hover_enabled=&#8221;0&#8243; sticky_enabled=&#8221;0&#8243;]<p>UK<\/p>[\/et_pb_team_member][et_pb_team_member name=&#8221;Alejandro Ariel Gonz\u00e1lez&#8221; image_url=&#8221;https:\/\/dostoevsky.org\/society\/wp-content\/uploads\/sites\/2\/2020\/06\/Gonzales.jpg&#8221; _builder_version=&#8221;4.27.4&#8243; _module_preset=&#8221;default&#8221; theme_builder_area=&#8221;post_content&#8221; title_text=&#8221;Gonzales&#8221; hover_enabled=&#8221;0&#8243; sticky_enabled=&#8221;0&#8243;]<p>Argentina<\/p>[\/et_pb_team_member][et_pb_team_member name=&#8221;Tetsuo Mochizuki&#8221; image_url=&#8221;https:\/\/dostoevsky.org\/society\/wp-content\/uploads\/sites\/2\/2023\/09\/Mochizuki-e1695356284296.jpeg&#8221; _builder_version=&#8221;4.27.4&#8243; _module_preset=&#8221;default&#8221; theme_builder_area=&#8221;post_content&#8221; title_text=&#8221;Tetsuo Mochizuki&#8221; hover_enabled=&#8221;0&#8243; sticky_enabled=&#8221;0&#8243;]<p>Japan<\/p>[\/et_pb_team_member][et_pb_team_member name=&#8221;Vladimir Zakharov&#8221; image_url=&#8221;https:\/\/dostoevsky.org\/society\/wp-content\/uploads\/sites\/2\/2020\/06\/Zakharov.jpg&#8221; _builder_version=&#8221;4.27.4&#8243; _module_preset=&#8221;default&#8221; theme_builder_area=&#8221;post_content&#8221; title_text=&#8221;Zakharov&#8221; hover_enabled=&#8221;0&#8243; sticky_enabled=&#8221;0&#8243;]<p>Russia<\/p>[\/et_pb_team_member][\/et_pb_column][et_pb_column _builder_version=&#8221;4.27.4&#8243; _module_preset=&#8221;default&#8221; type=&#8221;1_3&#8243; theme_builder_area=&#8221;post_content&#8221;][et_pb_team_member name=&#8221;Benam\u00ed Barros, Spain&#8221; image_url=&#8221;https:\/\/dostoevsky.org\/society\/wp-content\/uploads\/sites\/2\/2020\/06\/Barros.jpg&#8221; position=&#8221;Executive Secretary&#8221; _builder_version=&#8221;4.27.4&#8243; _module_preset=&#8221;default&#8221; theme_builder_area=&#8221;post_content&#8221; title_text=&#8221;Barros&#8221; hover_enabled=&#8221;0&#8243; sticky_enabled=&#8221;0&#8243;]<p>Spain<\/p>[\/et_pb_team_member][et_pb_team_member name=&#8221;Katherine Bowers&#8221; image_url=&#8221;https:\/\/dostoevsky.org\/society\/wp-content\/uploads\/sites\/2\/2020\/05\/Bowers-1.jpg&#8221; _builder_version=&#8221;4.27.4&#8243; _module_preset=&#8221;default&#8221; theme_builder_area=&#8221;post_content&#8221; title_text=&#8221;Bowers&#8221; hover_enabled=&#8221;0&#8243; sticky_enabled=&#8221;0&#8243;]<p>Canada<\/p>[\/et_pb_team_member][et_pb_team_member name=&#8221;Zhou Qichao&#8221; image_url=&#8221;https:\/\/dostoevsky.org\/society\/wp-content\/uploads\/sites\/2\/2020\/06\/Qichao.jpg&#8221; _builder_version=&#8221;4.27.4&#8243; _module_preset=&#8221;default&#8221; theme_builder_area=&#8221;post_content&#8221; title_text=&#8221;Qichao&#8221; hover_enabled=&#8221;0&#8243; sticky_enabled=&#8221;0&#8243;]<p>China<\/p>[\/et_pb_team_member][\/et_pb_column][\/et_pb_row][et_pb_row _builder_version=&#8221;4.27.4&#8243; _module_preset=&#8221;default&#8221; theme_builder_area=&#8221;post_content&#8221; column_structure=&#8221;1_2,1_2&#8243;][et_pb_column _builder_version=&#8221;4.27.4&#8243; _module_preset=&#8221;default&#8221; type=&#8221;1_2&#8243; theme_builder_area=&#8221;post_content&#8221;][et_pb_heading title=&#8221;Honorary Presidents&#8221; _builder_version=&#8221;4.27.4&#8243; _module_preset=&#8221;default&#8221; theme_builder_area=&#8221;post_content&#8221; hover_enabled=&#8221;0&#8243; sticky_enabled=&#8221;0&#8243; title_text_align=&#8221;left&#8221;][\/et_pb_heading][et_pb_text admin_label=&#8221;Text&#8221; _builder_version=&#8221;4.16&#8243; background_size=&#8221;initial&#8221; background_position=&#8221;top_left&#8221; background_repeat=&#8221;repeat&#8221; global_colors_info=&#8221;{}&#8221; theme_builder_area=&#8221;post_content&#8221;]<p>Carol Apollonio, <em>USA<\/em><\/p>\n<p>Robert Belknap, <em>USA<\/em><\/p>\n<p>Michael Cadot, <em>France<\/em><\/p>\n<p>Horst-J\u00fcrgen Gerigk, <em>Germany<\/em><\/p>\n<p>Robert Louis Jackson, <em>USA<\/em><\/p>\n<p>Malcolm Jones, <em>United Kingdom<\/em><\/p>\n<p>Deborah Martinsen, <em>USA<\/em><\/p>\n<p>Nadine Natov, <em>USA<\/em><\/p>\n<p>Ulrich Schmid, <em>Switzerland<\/em><\/p>\n<p>William Mills Todd III, <em>USA<\/em><\/p>\n<p>Ren\u00e9 Wellek, <em>USA<\/em><\/p>\n<p>Vladimir Zakharov, <em>Russia<\/em><br \/><strong><\/strong><\/p>\n<p>&nbsp;<\/p>\n<p><\/p>[\/et_pb_text][\/et_pb_column][et_pb_column _builder_version=&#8221;4.27.4&#8243; _module_preset=&#8221;default&#8221; type=&#8221;1_2&#8243; theme_builder_area=&#8221;post_content&#8221;][et_pb_heading title=&#8221;Regional Coordinators&#8221; _builder_version=&#8221;4.27.4&#8243; _module_preset=&#8221;default&#8221; theme_builder_area=&#8221;post_content&#8221; hover_enabled=&#8221;0&#8243; sticky_enabled=&#8221;0&#8243; title_text_align=&#8221;left&#8221;][\/et_pb_heading][et_pb_text admin_label=&#8221;Text&#8221; _builder_version=&#8221;4.16&#8243; background_size=&#8221;initial&#8221; background_position=&#8221;top_left&#8221; background_repeat=&#8221;repeat&#8221; global_colors_info=&#8221;{}&#8221; theme_builder_area=&#8221;post_content&#8221;]<p>Omar Lobos, <em>Argentina<\/em><strong><\/strong><\/p>\n<p>Slobodanka Vladiv-Glover, <em>Australia<\/em><\/p>\n<p>F\u00e1tima Bianchi, <em>Brazil<\/em><\/p>\n<p>Ljudmil Dimitrov, <em>Bulgaria<\/em><\/p>\n<p>Kate Holland, <em>Canada<\/em><\/p>\n<p>Liu Na, <em>China<\/em><\/p>\n<p>Milu\u0161a Buben\u00edkov\u00e1, <em>Czech Republic<\/em><\/p>\n<p>Maike Schult, <em>Germany<\/em><\/p>\n<p>T\u00fcnde Szab\u00f3, <em>Hungary<\/em><\/p>\n<p>Raffaella Vassena, <em>Italy<\/em><\/p>\n<p>Go Koshino, <em>Japan<\/em><\/p>\n<p>Irene Zohrab, <em>New Zealand<\/em><\/p>\n<p>Pavel Fokin, <em>Russia<\/em><\/p>\n<p>Cecilia Dilworth <em>Scandinavia<\/em><\/p>\n<p>Jordi Morillas, <em>Spain<\/em><\/p>\n<p>Connor Doak, <em>United Kingdom<\/em><\/p>\n<p>Katya Jordan, <em>USA<\/em><\/p>\n<p>William Mills Todd, III, <em>USA<\/em><\/p>\n<p>Jasmina Vojvodic, <em>former Yugoslavia<\/em><\/p>\n<p><!-- \/wp:post-content --><\/p>[\/et_pb_text][\/et_pb_column][\/et_pb_row][\/et_pb_section]<!-- \/wp:freeform -->","protected":false},"excerpt":{"rendered":"<p>ItalyUSAHungaryRussiaUKArgentinaJapanRussiaSpainCanadaChinaCarol Apollonio, USA Robert Belknap, USA Michael Cadot, France Horst-J\u00fcrgen Gerigk, Germany Robert Louis Jackson, USA Malcolm Jones, United Kingdom Deborah Martinsen, USA Nadine Natov, USA Ulrich Schmid, Switzerland William Mills Todd III, USA Ren\u00e9 Wellek, USA Vladimir Zakharov, Russia &nbsp; Omar Lobos, Argentina Slobodanka Vladiv-Glover, Australia F\u00e1tima Bianchi, Brazil Ljudmil Dimitrov, Bulgaria Kate Holland, [&hellip;]<\/p>\n","protected":false},"author":4,"featured_media":0,"parent":18,"menu_order":0,"comment_status":"closed","ping_status":"closed","template":"","meta":{"_et_pb_use_builder":"on","_et_pb_old_content":"<!-- wp:fl-builder\/layout -->\n<h1>\n\t\t[post_title]\n\t<\/h1>\n<h2>\n\t\tIDS Board of Directors\n\t<\/h2>\n\t\t\t\t<img src=\"https:\/\/dostoevsky.org\/society\/wp-content\/uploads\/sites\/2\/2020\/06\/Aloe-150x150.jpg\" alt=\"Aloe\" itemprop=\"image\" height=\"150\" width=\"150\" title=\"Aloe\" onerror=\"this.style.display='none'\"  \/>\n\t<b>Stefano Aloe, <em>Italy<\/em><\/b><br \/>\n<em>(President)<\/em>\n\t\t\t\t<img src=\"https:\/\/dostoevsky.org\/society\/wp-content\/uploads\/sites\/2\/2020\/06\/Paine-150x150.jpg\" alt=\"Paine\" itemprop=\"image\" height=\"150\" width=\"150\" title=\"Paine\" onerror=\"this.style.display='none'\"  \/>\n\t<strong>Jonathan Paine, <em>UK<\/em><\/strong><br \/>\n<em>(Treasurer)<\/em>\n\t\t\t\t<img src=\"https:\/\/dostoevsky.org\/society\/wp-content\/uploads\/sites\/2\/2020\/06\/Barros-150x150.jpg\" alt=\"Barros\" itemprop=\"image\" height=\"150\" width=\"150\" title=\"Barros\" onerror=\"this.style.display='none'\"  \/>\n\t<strong>Benam\u00ed Barros, <em>Spain<\/em><\/strong><br \/>\n<em>(Executive Secretary)<\/em>\n\t\t\t\t<img src=\"https:\/\/dostoevsky.org\/society\/wp-content\/uploads\/sites\/2\/2020\/06\/Apollonio-150x150.jpg\" alt=\"Apollonio\" itemprop=\"image\" height=\"150\" width=\"150\" title=\"Apollonio\" onerror=\"this.style.display='none'\"  \/>\n\t<p><strong>Carol Apollonio, <em>USA<\/em><\/strong><\/p>\n\t\t\t\t<img src=\"https:\/\/dostoevsky.org\/society\/wp-content\/uploads\/sites\/2\/2020\/05\/Bowers-1-150x150.jpg\" alt=\"Bowers\" itemprop=\"image\" height=\"150\" width=\"150\" title=\"Bowers\" onerror=\"this.style.display='none'\"  \/>\n\t<b>Katherine Bowers,<br \/>\n<em>Canada<\/em><\/b>\n\t\t\t\t<img src=\"https:\/\/dostoevsky.org\/society\/wp-content\/uploads\/sites\/2\/2020\/06\/Gonzales-150x150.jpg\" alt=\"Gonzales\" itemprop=\"image\" height=\"150\" width=\"150\" title=\"Gonzales\" onerror=\"this.style.display='none'\"  \/>\n\t<p><strong>Alejandro Ariel Gonz\u00e1lez, <em>Argentina<\/em><\/strong><\/p>\n\t\t\t\t<img src=\"https:\/\/dostoevsky.org\/society\/wp-content\/uploads\/sites\/2\/2020\/06\/Kroo-150x150.jpg\" alt=\"Kroo\" itemprop=\"image\" height=\"150\" width=\"150\" title=\"Kroo\" onerror=\"this.style.display='none'\"  \/>\n\t<p><strong>Katalin Kro\u00f3, <em>Hungary<\/em><\/strong><\/p>\n\t\t\t\t<img src=\"https:\/\/dostoevsky.org\/society\/wp-content\/uploads\/sites\/2\/2023\/09\/Mochizuki-e1695356284296-150x150.jpeg\" alt=\"Tetsuo Mochizuki\" itemprop=\"image\" height=\"150\" width=\"150\" title=\"Tetsuo Mochizuki\" onerror=\"this.style.display='none'\"  \/>\n\t<b>Tetsuo Mochizuki,<br \/>\n<em>Japan<\/em><\/b>\n\t\t\t\t<img src=\"https:\/\/dostoevsky.org\/society\/wp-content\/uploads\/sites\/2\/2020\/06\/Qichao-150x150.jpg\" alt=\"Qichao\" itemprop=\"image\" height=\"150\" width=\"150\" title=\"Qichao\" onerror=\"this.style.display='none'\"  \/>\n\t<p><strong>Zhou Qichao, <em>China<\/em><\/strong><\/p>\n\t\t\t\t<img src=\"https:\/\/dostoevsky.org\/society\/wp-content\/uploads\/sites\/2\/2020\/06\/Volgin-150x150.jpg\" alt=\"Volgin\" itemprop=\"image\" height=\"150\" width=\"150\" title=\"Volgin\" onerror=\"this.style.display='none'\"  \/>\n\t<p><strong>Igor Volgin, <em>Russia<\/em><\/strong><\/p>\n\t\t\t\t<img src=\"https:\/\/dostoevsky.org\/society\/wp-content\/uploads\/sites\/2\/2020\/06\/Zakharov-150x150.jpg\" alt=\"Zakharov\" itemprop=\"image\" height=\"150\" width=\"150\" title=\"Zakharov\" onerror=\"this.style.display='none'\"  \/>\n\t<strong>Vladimir Zakharov,<br \/>\n<em>Russia<\/em><\/strong>\n\t<strong>Honorary Presidents<\/strong><br \/>\nCarol Apollonio, <em>USA<\/em><br \/>\nRobert Belknap, <em>USA<\/em><br \/>\nMichael Cadot, <em>France<\/em><br \/>\nHorst-J\u00fcrgen Gerigk, <em>Germany<\/em><br \/>\nRobert Louis Jackson, <em>USA<\/em><br \/>\nMalcolm Jones, <em>United Kingdom<\/em><br \/>\nDeborah Martinsen, <em>USA<\/em><br \/>\nNadine Natov, <em>USA<\/em><br \/>\nUlrich Schmid, <em>Switzerland<\/em><br \/>\nWilliam Mills Todd III, <em>USA<\/em><br \/>\nRen\u00e9 Wellek, <em>USA<\/em><br \/>\nVladimir Zakharov, <em>Russia<\/em>\n<strong>Regional Coordinators<\/strong><br \/>\nOmar Lobos, <em>Argentina<\/em><br \/>\nSlobodanka Vladiv-Glover, <em>Australia<\/em><br \/>\nF\u00e1tima Bianchi, <em>Brazil<\/em><br \/>\nLjudmil Dimitrov, <em>Bulgaria<\/em><br \/>\nKate Holland, <em>Canada<\/em><br \/>\nLiu Na, <em>China<\/em><br \/>\nMilu\u0161a Buben\u00edkov\u00e1, <em>Czech Republic<\/em><br \/>\nMaike Schult, <em>Germany<\/em><br \/>\nT\u00fcnde Szab\u00f3, <em>Hungary<\/em><br \/>\nRaffaella Vassena, <em>Italy<\/em><br \/>\nGo Koshino, <em>Japan<\/em><br \/>\nIrene Zohrab, <em>New Zealand<\/em><br \/>\nPavel Fokin, <em>Russia<\/em><br \/>\nCecilia Dilworth <em>Scandinavia<\/em><br \/>\nJordi Morillas, <em>Spain<\/em><br \/>\nConnor Doak, <em>United Kingdom<\/em><br \/>\nKatya Jordan, <em>USA<\/em><br \/>\nWilliam Mills Todd, III, <em>USA<\/em><br \/>\nJasmina Vojvodic, <em>former Yugoslavia<\/em>\n\n<!-- \/wp:fl-builder\/layout -->","_et_gb_content_width":"","footnotes":"","_links_to":"","_links_to_target":""},"class_list":["post-24","page","type-page","status-publish","hentry"],"_links":{"self":[{"href":"https:\/\/dostoevsky.org\/society\/wp-json\/wp\/v2\/pages\/24","targetHints":{"allow":["GET"]}}],"collection":[{"href":"https:\/\/dostoevsky.org\/society\/wp-json\/wp\/v2\/pages"}],"about":[{"href":"https:\/\/dostoevsky.org\/society\/wp-json\/wp\/v2\/types\/page"}],"author":[{"embeddable":true,"href":"https:\/\/dostoevsky.org\/society\/wp-json\/wp\/v2\/users\/4"}],"replies":[{"embeddable":true,"href":"https:\/\/dostoevsky.org\/society\/wp-json\/wp\/v2\/comments?post=24"}],"version-history":[{"count":0,"href":"https:\/\/dostoevsky.org\/society\/wp-json\/wp\/v2\/pages\/24\/revisions"}],"up":[{"embeddable":true,"href":"https:\/\/dostoevsky.org\/society\/wp-json\/wp\/v2\/pages\/18"}],"wp:attachment":[{"href":"https:\/\/dostoevsky.org\/society\/wp-json\/wp\/v2\/media?parent=24"}],"curies":[{"name":"wp","href":"https:\/\/api.w.org\/{rel}","templated":true}]}}